{"id":20315,"date":"2025-01-20T20:08:50","date_gmt":"2025-01-21T01:08:51","guid":{"rendered":"https:\/\/bamboo-design.ca\/?post_type=product&#038;p=20315"},"modified":"2026-03-23T14:09:54","modified_gmt":"2026-03-23T18:09:54","slug":"natural-vertical-copy","status":"publish","type":"product","link":"https:\/\/bamboo-design.ca\/en\/produit\/natural-vertical-copy\/","title":{"rendered":"Natural Vertical"},"content":{"rendered":"\t\t<div class=\"et_pb_section et_pb_with_background et_section_regular breadcrumbs_section\">\n\t\t\t<div class=\" et_pb_row breadcrumbs_row\">\n\t\t\t\t<div class=\"et_pb_column et_pb_column_4_4 breadcrumbs_column\">\n\t\t\t\t\t<div class=\"et_pb_code et_pb_module breadcrumbs_module\">\n\t\t\t\t\t\t<span><span><a href=\"https:\/\/bamboo-design.ca\/en\/\">Home<\/a><\/span><\/span>\t\t\t\t\t<\/div> <!-- .et_pb_code -->\n\t\t\t\t<\/div> <!-- .et_pb_column -->\n\t\t\t<\/div> <!-- .et_pb_row -->\n\t\t<\/div>\n\t\t<h3>BamB\u00fc<span style=\"color: #9fbc18;\">Ply<\/span>\u2122 Bamboo Plywood<\/h3>\n<p>Join the sustainable movement and craft your next creation with BamB\u00fcPly\u2122 Bamboo Plywood! With its chic and sleek look, the Natural Vertical grain bamboo panel allows you to create unique and eco-friendly spaces. Take advantage of our unmatched expertise in bamboo to bring your boldest ideas to life. Suitable for residential or commercial applications.<\/p>\n<p>Beware of cheap brands! Their panels, seemingly similar, hide a fragile core made of short bamboo strips, creating instability and risk of cracks. Our BamB\u00fcPly\u2122 panels stand out with their three-ply cross-structure, featuring a core of full-length strips. The result: superior stability and aesthetic edges, perfect for exposed finishes.<\/p>\n<p>&nbsp;<\/p>\n<h4><strong>BamB\u00fc<span style=\"color: #9fbc18;\">Ply<\/span>\u2122<\/strong><strong>\u00a0Proven Performance, Trusted Quality<br \/>\n<\/strong><\/h4>\n<ul>\n<li>Architectural grade bamboo plywood<\/li>\n<li>Available in various thicknesses<\/li>\n<li>Cross-laminated structure for better dimensional stability<\/li>\n<li>Beautiful exposed edges\u00a0<\/li>\n<li>More Durable, Stable and Affordable than solid wood<\/li>\n<li>Ultra-low VOC emissions &#8211; ULEF<\/li>\n<li>Custom cutting service available<\/li>\n<\/ul>\n","protected":false},"excerpt":{"rendered":"<p>Home BamB\u00fcPly\u2122 Bamboo Plywood Join the sustainable movement and craft your next creation with BamB\u00fcPly\u2122 Bamboo Plywood! With its chic and sleek look, the Natural Vertical grain bamboo panel allows you to create unique and eco-friendly spaces. Take advantage of our unmatched expertise in bamboo to bring your boldest ideas to life. Suitable for residential [&hellip;]<\/p>\n","protected":false},"featured_media":3538,"comment_status":"closed","ping_status":"closed","template":"","meta":{"_acf_changed":false,"_et_pb_use_builder":"off","_et_pb_old_content":"<h3>Contreplaqu\u00e9 de bambou Plyboo<\/h3>\r\n<p>Le panneau de bambou Vertical Naturel est fabriqu\u00e9 \u00e0 100% de fibres de bambou rapidement renouvelables. Il\u00a0 conf\u00e8rera une \u00e9l\u00e9gance remarquable \u00e0 vos cabinets de cuisine, meubles de tout genre et toute application r\u00e9sidentielle ou commerciale. De qualit\u00e9 architecturale, les panneaux de bambou PLYBOO Vertical peuvent \u00eatre coup\u00e9s, sabl\u00e9s, lamin\u00e9s et finis utilisant les m\u00eames \u00e9quipements, adh\u00e9sifs et produits de finition conventionnels de l'industrie.\u00a0 Plyboo est fid\u00e8le \u00e0 <a href=\"https:\/\/bamboo-design.ca\/a-propos\/engagement-environnemental\/\">notre engagement environnemental<\/a> et r\u00e9pond aux normes rigoureuses en terme de qualit\u00e9 de l'air int\u00e9rieur ULEF (Ultra Low Emitting Formaldehyde).\u00a0 Ils sont \u00e9ligibles aux cr\u00e9dits LEED\u00ae et sont <a href=\"https:\/\/ca.fsc.org\/fr-ca\">certifi\u00e9s FSC\u00ae<\/a>.<\/p>\r\n<p>\u00a0<\/p>\r\n<h4><strong>Une Marque de confiance prouv\u00e9e et reconnue<br \/><\/strong><\/h4>\r\n<ul>\r\n<li>Contreplaqu\u00e9 de Qualit\u00e9 Architecturale<\/li>\r\n<li>Offert en plusieurs \u00e9paisseurs<\/li>\r\n<li>Placages disponibles\u00a0<\/li>\r\n<li>Excellente stabilit\u00e9 dimensionnelle<\/li>\r\n<li>Plus solide et durable que le bois traditionnel<\/li>\r\n<li>Ultra bas COV - ULEF<\/li>\r\n<li>Parfait pour les cabinets, comptoirs, meubles, chaises et plus.<\/li>\r\n<\/ul>","_et_gb_content_width":"","_monsterinsights_skip_tracking":false,"_monsterinsights_sitenote_active":false,"_monsterinsights_sitenote_note":"","_monsterinsights_sitenote_category":0},"product_cat":[52,205],"product_tag":[],"class_list":{"0":"post-20315","1":"product","2":"type-product","3":"status-publish","4":"has-post-thumbnail","6":"product_cat-bamboo-and-eucalyptus","7":"product_cat-bambuply-bamboo-plywood","8":"product_color-natural-vertical","9":"product_thick-1-212mm","10":"product_thick-1-47mm","11":"product_thick-3-419mm","13":"first","14":"instock","15":"taxable","16":"shipping-taxable","17":"purchasable","18":"product-type-variable","19":"add-to-wishlist-after_add_to_cart"},"acf":[],"yoast_head":"<!-- This site is optimized with the Yoast SEO plugin v24.0 - https:\/\/yoast.com\/wordpress\/plugins\/seo\/ -->\n<title>BamB\u00fcPly\u2122 Natural Vertical Bamboo Plywood | Bamboo Design<\/title>\n<meta name=\"description\" content=\"Craft your next creation with Eco-Friendly BamB\u00fcPly\u2122 Natural Vertical Bamboo Plywood! The Only Brand you can trust. Proven Performance, Trusted Quality.\" \/>\n<meta name=\"robots\" content=\"index, follow, max-snippet:-1, max-image-preview:large, max-video-preview:-1\" \/>\n<link rel=\"canonical\" href=\"https:\/\/bamboo-design.ca\/en\/produit\/natural-vertical-copy\/\" \/>\n<meta property=\"og:locale\" content=\"en_US\" \/>\n<meta property=\"og:type\" content=\"article\" \/>\n<meta property=\"og:title\" content=\"BamB\u00fcPly\u2122 Natural Vertical Bamboo Plywood | Bamboo Design\" \/>\n<meta property=\"og:description\" content=\"Craft your next creation with Eco-Friendly BamB\u00fcPly\u2122 Natural Vertical Bamboo Plywood! The Only Brand you can trust. Proven Performance, Trusted Quality.\" \/>\n<meta property=\"og:url\" content=\"https:\/\/bamboo-design.ca\/en\/produit\/natural-vertical-copy\/\" \/>\n<meta property=\"og:site_name\" content=\"Bamboo Design et Architecture\" \/>\n<meta property=\"article:modified_time\" content=\"2026-03-23T18:09:54+00:00\" \/>\n<meta property=\"og:image\" content=\"https:\/\/bamboo-design.ca\/wp-content\/uploads\/2018\/02\/panneau-vertical-naturel.jpg\" \/>\n\t<meta property=\"og:image:width\" content=\"600\" \/>\n\t<meta property=\"og:image:height\" content=\"600\" \/>\n\t<meta property=\"og:image:type\" content=\"image\/jpeg\" \/>\n<meta name=\"twitter:card\" content=\"summary_large_image\" \/>\n<meta name=\"twitter:label1\" content=\"Est. reading time\" \/>\n\t<meta name=\"twitter:data1\" content=\"1 minute\" \/>\n<script type=\"application\/ld+json\" class=\"yoast-schema-graph\">{\"@context\":\"https:\/\/schema.org\",\"@graph\":[{\"@type\":\"WebPage\",\"@id\":\"https:\/\/bamboo-design.ca\/en\/produit\/natural-vertical-copy\/\",\"url\":\"https:\/\/bamboo-design.ca\/en\/produit\/natural-vertical-copy\/\",\"name\":\"BamB\u00fcPly\u2122 Natural Vertical Bamboo Plywood | Bamboo Design\",\"isPartOf\":{\"@id\":\"https:\/\/bamboo-design.ca\/en\/#website\"},\"primaryImageOfPage\":{\"@id\":\"https:\/\/bamboo-design.ca\/en\/produit\/natural-vertical-copy\/#primaryimage\"},\"image\":{\"@id\":\"https:\/\/bamboo-design.ca\/en\/produit\/natural-vertical-copy\/#primaryimage\"},\"thumbnailUrl\":\"https:\/\/bamboo-design.ca\/wp-content\/uploads\/2018\/02\/panneau-vertical-naturel.jpg\",\"datePublished\":\"2025-01-21T01:08:51+00:00\",\"dateModified\":\"2026-03-23T18:09:54+00:00\",\"description\":\"Craft your next creation with Eco-Friendly BamB\u00fcPly\u2122 Natural Vertical Bamboo Plywood! The Only Brand you can trust. Proven Performance, Trusted Quality.\",\"breadcrumb\":{\"@id\":\"https:\/\/bamboo-design.ca\/en\/produit\/natural-vertical-copy\/#breadcrumb\"},\"inLanguage\":\"en-US\",\"potentialAction\":[{\"@type\":\"ReadAction\",\"target\":[\"https:\/\/bamboo-design.ca\/en\/produit\/natural-vertical-copy\/\"]}]},{\"@type\":\"ImageObject\",\"inLanguage\":\"en-US\",\"@id\":\"https:\/\/bamboo-design.ca\/en\/produit\/natural-vertical-copy\/#primaryimage\",\"url\":\"https:\/\/bamboo-design.ca\/wp-content\/uploads\/2018\/02\/panneau-vertical-naturel.jpg\",\"contentUrl\":\"https:\/\/bamboo-design.ca\/wp-content\/uploads\/2018\/02\/panneau-vertical-naturel.jpg\",\"width\":600,\"height\":600},{\"@type\":\"BreadcrumbList\",\"@id\":\"https:\/\/bamboo-design.ca\/en\/produit\/natural-vertical-copy\/#breadcrumb\",\"itemListElement\":[{\"@type\":\"ListItem\",\"position\":1,\"name\":\"Home\",\"item\":\"https:\/\/bamboo-design.ca\/en\/\"},{\"@type\":\"ListItem\",\"position\":2,\"name\":\"Boutique\",\"item\":\"https:\/\/bamboo-design.ca\/en\/boutique\/\"},{\"@type\":\"ListItem\",\"position\":3,\"name\":\"Natural Vertical\"}]},{\"@type\":\"WebSite\",\"@id\":\"https:\/\/bamboo-design.ca\/en\/#website\",\"url\":\"https:\/\/bamboo-design.ca\/en\/\",\"name\":\"Bamboo Design et Architecture\",\"description\":\"A WordPress site\",\"potentialAction\":[{\"@type\":\"SearchAction\",\"target\":{\"@type\":\"EntryPoint\",\"urlTemplate\":\"https:\/\/bamboo-design.ca\/en\/?s={search_term_string}\"},\"query-input\":{\"@type\":\"PropertyValueSpecification\",\"valueRequired\":true,\"valueName\":\"search_term_string\"}}],\"inLanguage\":\"en-US\"}]}<\/script>\n<!-- \/ Yoast SEO plugin. -->","yoast_head_json":{"title":"BamB\u00fcPly\u2122 Natural Vertical Bamboo Plywood | Bamboo Design","description":"Craft your next creation with Eco-Friendly BamB\u00fcPly\u2122 Natural Vertical Bamboo Plywood! The Only Brand you can trust. Proven Performance, Trusted Quality.","robots":{"index":"index","follow":"follow","max-snippet":"max-snippet:-1","max-image-preview":"max-image-preview:large","max-video-preview":"max-video-preview:-1"},"canonical":"https:\/\/bamboo-design.ca\/en\/produit\/natural-vertical-copy\/","og_locale":"en_US","og_type":"article","og_title":"BamB\u00fcPly\u2122 Natural Vertical Bamboo Plywood | Bamboo Design","og_description":"Craft your next creation with Eco-Friendly BamB\u00fcPly\u2122 Natural Vertical Bamboo Plywood! The Only Brand you can trust. Proven Performance, Trusted Quality.","og_url":"https:\/\/bamboo-design.ca\/en\/produit\/natural-vertical-copy\/","og_site_name":"Bamboo Design et Architecture","article_modified_time":"2026-03-23T18:09:54+00:00","og_image":[{"width":600,"height":600,"url":"https:\/\/bamboo-design.ca\/wp-content\/uploads\/2018\/02\/panneau-vertical-naturel.jpg","type":"image\/jpeg"}],"twitter_card":"summary_large_image","twitter_misc":{"Est. reading time":"1 minute"},"schema":{"@context":"https:\/\/schema.org","@graph":[{"@type":"WebPage","@id":"https:\/\/bamboo-design.ca\/en\/produit\/natural-vertical-copy\/","url":"https:\/\/bamboo-design.ca\/en\/produit\/natural-vertical-copy\/","name":"BamB\u00fcPly\u2122 Natural Vertical Bamboo Plywood | Bamboo Design","isPartOf":{"@id":"https:\/\/bamboo-design.ca\/en\/#website"},"primaryImageOfPage":{"@id":"https:\/\/bamboo-design.ca\/en\/produit\/natural-vertical-copy\/#primaryimage"},"image":{"@id":"https:\/\/bamboo-design.ca\/en\/produit\/natural-vertical-copy\/#primaryimage"},"thumbnailUrl":"https:\/\/bamboo-design.ca\/wp-content\/uploads\/2018\/02\/panneau-vertical-naturel.jpg","datePublished":"2025-01-21T01:08:51+00:00","dateModified":"2026-03-23T18:09:54+00:00","description":"Craft your next creation with Eco-Friendly BamB\u00fcPly\u2122 Natural Vertical Bamboo Plywood! The Only Brand you can trust. Proven Performance, Trusted Quality.","breadcrumb":{"@id":"https:\/\/bamboo-design.ca\/en\/produit\/natural-vertical-copy\/#breadcrumb"},"inLanguage":"en-US","potentialAction":[{"@type":"ReadAction","target":["https:\/\/bamboo-design.ca\/en\/produit\/natural-vertical-copy\/"]}]},{"@type":"ImageObject","inLanguage":"en-US","@id":"https:\/\/bamboo-design.ca\/en\/produit\/natural-vertical-copy\/#primaryimage","url":"https:\/\/bamboo-design.ca\/wp-content\/uploads\/2018\/02\/panneau-vertical-naturel.jpg","contentUrl":"https:\/\/bamboo-design.ca\/wp-content\/uploads\/2018\/02\/panneau-vertical-naturel.jpg","width":600,"height":600},{"@type":"BreadcrumbList","@id":"https:\/\/bamboo-design.ca\/en\/produit\/natural-vertical-copy\/#breadcrumb","itemListElement":[{"@type":"ListItem","position":1,"name":"Home","item":"https:\/\/bamboo-design.ca\/en\/"},{"@type":"ListItem","position":2,"name":"Boutique","item":"https:\/\/bamboo-design.ca\/en\/boutique\/"},{"@type":"ListItem","position":3,"name":"Natural Vertical"}]},{"@type":"WebSite","@id":"https:\/\/bamboo-design.ca\/en\/#website","url":"https:\/\/bamboo-design.ca\/en\/","name":"Bamboo Design et Architecture","description":"A WordPress site","potentialAction":[{"@type":"SearchAction","target":{"@type":"EntryPoint","urlTemplate":"https:\/\/bamboo-design.ca\/en\/?s={search_term_string}"},"query-input":{"@type":"PropertyValueSpecification","valueRequired":true,"valueName":"search_term_string"}}],"inLanguage":"en-US"}]}},"_links":{"self":[{"href":"https:\/\/bamboo-design.ca\/en\/wp-json\/wp\/v2\/product\/20315","targetHints":{"allow":["GET"]}}],"collection":[{"href":"https:\/\/bamboo-design.ca\/en\/wp-json\/wp\/v2\/product"}],"about":[{"href":"https:\/\/bamboo-design.ca\/en\/wp-json\/wp\/v2\/types\/product"}],"replies":[{"embeddable":true,"href":"https:\/\/bamboo-design.ca\/en\/wp-json\/wp\/v2\/comments?post=20315"}],"wp:featuredmedia":[{"embeddable":true,"href":"https:\/\/bamboo-design.ca\/en\/wp-json\/wp\/v2\/media\/3538"}],"wp:attachment":[{"href":"https:\/\/bamboo-design.ca\/en\/wp-json\/wp\/v2\/media?parent=20315"}],"wp:term":[{"taxonomy":"product_cat","embeddable":true,"href":"https:\/\/bamboo-design.ca\/en\/wp-json\/wp\/v2\/product_cat?post=20315"},{"taxonomy":"product_tag","embeddable":true,"href":"https:\/\/bamboo-design.ca\/en\/wp-json\/wp\/v2\/product_tag?post=20315"}],"curies":[{"name":"wp","href":"https:\/\/api.w.org\/{rel}","templated":true}]}}